{"id":14748,"date":"2022-09-22T14:58:22","date_gmt":"2022-09-22T14:58:22","guid":{"rendered":"https:\/\/klang.io\/mp3-in-noten-umwandeln\/"},"modified":"2024-07-15T09:30:56","modified_gmt":"2024-07-15T09:30:56","slug":"mp3-in-noten-umwandeln","status":"publish","type":"page","link":"https:\/\/klang.io\/de\/solutions\/mp3-in-noten-umwandeln\/","title":{"rendered":"MP3 in Noten umwandeln"},"content":{"rendered":"\t\t<div data-elementor-type=\"wp-page\" data-elementor-id=\"14748\" class=\"elementor elementor-14748 elementor-8257\" data-elementor-post-type=\"page\">\n\t\t\t\t\t\t<section class=\"elementor-section elementor-top-section elementor-element elementor-element-15b0a1f elementor-section-height-min-height elementor-section-boxed elementor-section-height-default elementor-section-items-middle\" data-id=\"15b0a1f\" data-element_type=\"section\" data-settings=\"{&quot;background_background&quot;:&quot;classic&quot;}\">\n\t\t\t\t\t\t\t<div class=\"elementor-background-overlay\"><\/div>\n\t\t\t\t\t\t\t<div class=\"elementor-container elementor-column-gap-default\">\n\t\t\t\t\t<div class=\"elementor-column elementor-col-100 elementor-top-column elementor-element elementor-element-3e41694\" data-id=\"3e41694\" data-element_type=\"column\">\n\t\t\t<div class=\"elementor-widget-wrap elementor-element-populated\">\n\t\t\t\t\t\t<div class=\"elementor-element elementor-element-e092c19 elementor-widget elementor-widget-spacer\" data-id=\"e092c19\" data-element_type=\"widget\" data-widget_type=\"spacer.default\">\n\t\t\t\t<div class=\"elementor-widget-container\">\n\t\t\t\t\t\t\t<div class=\"elementor-spacer\">\n\t\t\t<div class=\"elementor-spacer-inner\"><\/div>\n\t\t<\/div>\n\t\t\t\t\t\t<\/div>\n\t\t\t\t<\/div>\n\t\t\t\t<div class=\"elementor-element elementor-element-cc30e42 elementor-widget elementor-widget-heading\" data-id=\"cc30e42\" data-element_type=\"widget\" data-widget_type=\"heading.default\">\n\t\t\t\t<div class=\"elementor-widget-container\">\n\t\t\t\t\t<h1 class=\"elementor-heading-title elementor-size-default\">MP3 in Noten umwandeln<\/h1>\t\t\t\t<\/div>\n\t\t\t\t<\/div>\n\t\t\t\t\t<\/div>\n\t\t<\/div>\n\t\t\t\t\t<\/div>\n\t\t<\/section>\n\t\t\t\t<section class=\"elementor-section elementor-top-section elementor-element elementor-element-f222504 elementor-section-boxed elementor-section-height-default elementor-section-height-default\" data-id=\"f222504\" data-element_type=\"section\" data-settings=\"{&quot;background_background&quot;:&quot;classic&quot;}\">\n\t\t\t\t\t\t<div class=\"elementor-container elementor-column-gap-default\">\n\t\t\t\t\t<div class=\"elementor-column elementor-col-100 elementor-top-column elementor-element elementor-element-acefaa8\" data-id=\"acefaa8\" data-element_type=\"column\">\n\t\t\t<div class=\"elementor-widget-wrap elementor-element-populated\">\n\t\t\t\t\t\t<div class=\"elementor-element elementor-element-7262d25 elementor-widget elementor-widget-heading\" data-id=\"7262d25\" data-element_type=\"widget\" data-widget_type=\"heading.default\">\n\t\t\t\t<div class=\"elementor-widget-container\">\n\t\t\t\t\t<h2 class=\"elementor-heading-title elementor-size-default\">Wie kann ich MP3 in Noten umwandeln?<\/h2>\t\t\t\t<\/div>\n\t\t\t\t<\/div>\n\t\t\t\t<div class=\"elementor-element elementor-element-ce97422 elementor-widget elementor-widget-text-editor\" data-id=\"ce97422\" data-element_type=\"widget\" data-widget_type=\"text-editor.default\">\n\t\t\t\t<div class=\"elementor-widget-container\">\n\t\t\t\t\t\t\t\t\t<p><b>Deine Situation:<\/b><span style=\"font-weight: 400;\">  Du hast dieses Lied, das du am liebsten selbst spielen w\u00fcrdest. Aber du hast nur die MP3-Datei und keine Noten daf\u00fcr. Wie erreiche ich sie?<\/span><\/p>\n<p><b>Unsere L\u00f6sung:<\/b><span style=\"font-weight: 400;\"> Lass unsere automatische Musik-Transkriptionssoftware die Musik der Audiodatei f\u00fcr dich transkribieren!<\/span><\/p>\n\t\t\t\t\t\t\t\t<\/div>\n\t\t\t\t<\/div>\n\t\t\t\t\t<\/div>\n\t\t<\/div>\n\t\t\t\t\t<\/div>\n\t\t<\/section>\n\t\t\t\t<section class=\"elementor-section elementor-top-section elementor-element elementor-element-d6ce112 elementor-section-boxed elementor-section-height-default elementor-section-height-default\" data-id=\"d6ce112\" data-element_type=\"section\" data-settings=\"{&quot;background_background&quot;:&quot;classic&quot;}\">\n\t\t\t\t\t\t<div class=\"elementor-container elementor-column-gap-default\">\n\t\t\t\t\t<div class=\"elementor-column elementor-col-100 elementor-top-column elementor-element elementor-element-5e757de\" data-id=\"5e757de\" data-element_type=\"column\">\n\t\t\t<div class=\"elementor-widget-wrap elementor-element-populated\">\n\t\t\t\t\t\t<div class=\"elementor-element elementor-element-cb5a1e8 elementor-widget elementor-widget-heading\" data-id=\"cb5a1e8\" data-element_type=\"widget\" data-widget_type=\"heading.default\">\n\t\t\t\t<div class=\"elementor-widget-container\">\n\t\t\t\t\t<h2 class=\"elementor-heading-title elementor-size-default\">So funktioniert es:<\/h2>\t\t\t\t<\/div>\n\t\t\t\t<\/div>\n\t\t\t\t<div class=\"elementor-element elementor-element-1426770 elementor-widget elementor-widget-text-editor\" data-id=\"1426770\" data-element_type=\"widget\" data-widget_type=\"text-editor.default\">\n\t\t\t\t<div class=\"elementor-widget-container\">\n\t\t\t\t\t\t\t\t\t<p><strong>Schritt 1: Du w\u00e4hlst dein ben\u00f6tigtes Musikinstrument auf Klangio.com aus (&#8220;Produkte&#8221;).<\/strong><\/p>\n<p><span style=\"font-weight: 400;\">\ud83c\udfb8 Guitar2Tabs = erstellt Tabs und Noten von Gitarrensongs<\/span><\/p>\n<p><span style=\"font-weight: 400;\">\ud83c\udfb9 Piano2Notes = transkribiert Klaviermusik in Noten<\/span><\/p>\n<p><span style=\"font-weight: 400;\">\ud83c\udfa4 Sing2Notes = kompilierte Musiknoten aus dem Gesang<\/span><\/p>\n<p><strong>Schritt 2: Jetzt kannst du die ersten 30 Sekunden kostenlos testen und dann entscheiden, welches Abo-Modell zu dir passt.<\/strong><\/p>\n<p><strong>Schritt 3: Nachdem die Registrierung abgeschlossen ist, kannst du mit der Transkription deiner Musik beginnen!<\/strong><\/p>\n<p><strong>Schritt 4: Dr\u00fccke den Plus-Button in der rechten unteren Ecke<\/strong><\/p>\n<p><strong>Schritt 5: W\u00e4hle die <i>Schaltfl\u00e4che &#8220;Datei hochladen<\/i>&#8220;. Es \u00f6ffnet sich ein Fenster: <i>Lade eine Datei hoch. <\/i>Ziehe eine Datei per Drag &amp; Drop in das Drop-Feld oder klicke darauf, um einen Dialog zur Dateiauswahl anzuzeigen<i>.<\/i><\/strong><\/p>\n<p><strong>Schritt 6: Der Dialog schlie\u00dft sich automatisch und dein Lied wird in deinem Liederbuch mit einem Sanduhr-Symbol angezeigt. Das bedeutet, dass sie sich in der Warteschlange befindet, aber die Bearbeitung noch nicht begonnen hat.<\/strong><\/p>\n<p><strong>Schritt 7: Wenn du an der Reihe bist, wird dies durch ein rotierendes Kreissymbol angezeigt. Die Transkription selbst dauert nun ein paar Sekunden oder Minuten (je nach Dauer des Videos).<\/strong><\/p>\n<p><strong>Schritt 8: Wenn die Transkription abgeschlossen ist, \u00e4ndert sich das Symbol des Liedes in ein Notensymbol. Jetzt kannst du dein fertiges Notenblatt \u00f6ffnen, indem du auf den Titel klickst.<\/strong><\/p>\n\t\t\t\t\t\t\t\t<\/div>\n\t\t\t\t<\/div>\n\t\t\t\t\t<\/div>\n\t\t<\/div>\n\t\t\t\t\t<\/div>\n\t\t<\/section>\n\t\t\t\t<section class=\"elementor-section elementor-top-section elementor-element elementor-element-e86794d elementor-section-boxed elementor-section-height-default elementor-section-height-default\" data-id=\"e86794d\" data-element_type=\"section\" data-settings=\"{&quot;background_background&quot;:&quot;classic&quot;}\">\n\t\t\t\t\t\t<div class=\"elementor-container elementor-column-gap-default\">\n\t\t\t\t\t<div class=\"elementor-column elementor-col-100 elementor-top-column elementor-element elementor-element-db128c4\" data-id=\"db128c4\" data-element_type=\"column\">\n\t\t\t<div class=\"elementor-widget-wrap elementor-element-populated\">\n\t\t\t\t\t\t<div class=\"elementor-element elementor-element-3c40ec1 elementor-widget elementor-widget-heading\" data-id=\"3c40ec1\" data-element_type=\"widget\" data-widget_type=\"heading.default\">\n\t\t\t\t<div class=\"elementor-widget-container\">\n\t\t\t\t\t<h2 class=\"elementor-heading-title elementor-size-default\">Das beste MP3-Transkriptionsprogramm f\u00fcr dein Instrument<\/h2>\t\t\t\t<\/div>\n\t\t\t\t<\/div>\n\t\t\t\t<section class=\"elementor-section elementor-inner-section elementor-element elementor-element-c4b8864 elementor-section-boxed elementor-section-height-default elementor-section-height-default\" data-id=\"c4b8864\" data-element_type=\"section\">\n\t\t\t\t\t\t<div class=\"elementor-container elementor-column-gap-wider\">\n\t\t\t\t\t<div class=\"elementor-column elementor-col-25 elementor-inner-column elementor-element elementor-element-5a9ffb4\" data-id=\"5a9ffb4\" data-element_type=\"column\">\n\t\t\t<div class=\"elementor-widget-wrap elementor-element-populated\">\n\t\t\t\t\t\t<div class=\"elementor-element elementor-element-7a9541a elementor-cta--layout-image-above elementor-cta--skin-classic elementor-animated-content elementor-bg-transform elementor-bg-transform-zoom-in elementor-widget elementor-widget-call-to-action\" data-id=\"7a9541a\" data-element_type=\"widget\" data-widget_type=\"call-to-action.default\">\n\t\t\t\t<div class=\"elementor-widget-container\">\n\t\t\t\t\t\t\t<a class=\"elementor-cta\" href=\"https:\/\/klang.io\/de\/guitar2tabs\/\">\n\t\t\t\t\t<div class=\"elementor-cta__bg-wrapper\">\n\t\t\t\t<div class=\"elementor-cta__bg elementor-bg lazyload\" style=\"background-image:inherit;\" role=\"img\" aria-label=\"Guitar2Tabs-2\" data-bg-image=\"url(https:\/\/klang.io\/wp-content\/uploads\/2022\/09\/Guitar2Tabs-2.png)\"><\/div>\n\t\t\t\t<div class=\"elementor-cta__bg-overlay\"><\/div>\n\t\t\t<\/div>\n\t\t\t\t\t\t\t<div class=\"elementor-cta__content\">\n\t\t\t\t\n\t\t\t\t\t\t\t\t\t<h3 class=\"elementor-cta__title elementor-cta__content-item elementor-content-item\">\n\t\t\t\t\t\tGuitar2Tabs\t\t\t\t\t<\/h3>\n\t\t\t\t\n\t\t\t\t\t\t\t\t\t<div class=\"elementor-cta__description elementor-cta__content-item elementor-content-item\">\n\t\t\t\t\t\t<p>Transkribiert deine Gitarren-Audiodateien in Guitarpro-Tabulaturen.<\/p>\n\t\t\t\t\t<\/div>\n\t\t\t\t\n\t\t\t\t\t\t\t\t\t<div class=\"elementor-cta__button-wrapper elementor-cta__content-item elementor-content-item \">\n\t\t\t\t\t<span class=\"elementor-cta__button elementor-button elementor-size-\">\n\t\t\t\t\t\tProbiere es aus\t\t\t\t\t<\/span>\n\t\t\t\t\t<\/div>\n\t\t\t\t\t\t\t<\/div>\n\t\t\t\t\t\t<\/a>\n\t\t\t\t\t\t<\/div>\n\t\t\t\t<\/div>\n\t\t\t\t\t<\/div>\n\t\t<\/div>\n\t\t\t\t<div class=\"elementor-column elementor-col-25 elementor-inner-column elementor-element elementor-element-b72a3c3\" data-id=\"b72a3c3\" data-element_type=\"column\">\n\t\t\t<div class=\"elementor-widget-wrap elementor-element-populated\">\n\t\t\t\t\t\t<div class=\"elementor-element elementor-element-aa7e9af elementor-cta--layout-image-above elementor-cta--skin-classic elementor-animated-content elementor-bg-transform elementor-bg-transform-zoom-in elementor-widget elementor-widget-call-to-action\" data-id=\"aa7e9af\" data-element_type=\"widget\" data-widget_type=\"call-to-action.default\">\n\t\t\t\t<div class=\"elementor-widget-container\">\n\t\t\t\t\t\t\t<a class=\"elementor-cta\" href=\"https:\/\/piano2notes.com\">\n\t\t\t\t\t<div class=\"elementor-cta__bg-wrapper\">\n\t\t\t\t<div class=\"elementor-cta__bg elementor-bg lazyload\" style=\"background-image:inherit;\" role=\"img\" aria-label=\"Piano2Notes-2\" data-bg-image=\"url(https:\/\/klang.io\/wp-content\/uploads\/2022\/09\/Piano2Notes-2.png)\"><\/div>\n\t\t\t\t<div class=\"elementor-cta__bg-overlay\"><\/div>\n\t\t\t<\/div>\n\t\t\t\t\t\t\t<div class=\"elementor-cta__content\">\n\t\t\t\t\n\t\t\t\t\t\t\t\t\t<h3 class=\"elementor-cta__title elementor-cta__content-item elementor-content-item\">\n\t\t\t\t\t\tPiano2Notes\t\t\t\t\t<\/h3>\n\t\t\t\t\n\t\t\t\t\t\t\t\t\t<div class=\"elementor-cta__description elementor-cta__content-item elementor-content-item\">\n\t\t\t\t\t\t<p>Transkribiert deine Klavier-Audiodateien in digitale<br \/>\nNoten.<\/p>\n\t\t\t\t\t<\/div>\n\t\t\t\t\n\t\t\t\t\t\t\t\t\t<div class=\"elementor-cta__button-wrapper elementor-cta__content-item elementor-content-item \">\n\t\t\t\t\t<span class=\"elementor-cta__button elementor-button elementor-size-\">\n\t\t\t\t\t\tProbiere es aus\t\t\t\t\t<\/span>\n\t\t\t\t\t<\/div>\n\t\t\t\t\t\t\t<\/div>\n\t\t\t\t\t\t<\/a>\n\t\t\t\t\t\t<\/div>\n\t\t\t\t<\/div>\n\t\t\t\t\t<\/div>\n\t\t<\/div>\n\t\t\t\t<div class=\"elementor-column elementor-col-25 elementor-inner-column elementor-element elementor-element-62c4dbb\" data-id=\"62c4dbb\" data-element_type=\"column\">\n\t\t\t<div class=\"elementor-widget-wrap elementor-element-populated\">\n\t\t\t\t\t\t<div class=\"elementor-element elementor-element-67af17a elementor-cta--layout-image-above elementor-cta--skin-classic elementor-animated-content elementor-bg-transform elementor-bg-transform-zoom-in elementor-widget elementor-widget-call-to-action\" data-id=\"67af17a\" data-element_type=\"widget\" data-widget_type=\"call-to-action.default\">\n\t\t\t\t<div class=\"elementor-widget-container\">\n\t\t\t\t\t\t\t<a class=\"elementor-cta\" href=\"https:\/\/klang.io\/de\/sing2notes\/\">\n\t\t\t\t\t<div class=\"elementor-cta__bg-wrapper\">\n\t\t\t\t<div class=\"elementor-cta__bg elementor-bg lazyload\" style=\"background-image:inherit;\" role=\"img\" aria-label=\"Sing2Notes-2\" data-bg-image=\"url(https:\/\/klang.io\/wp-content\/uploads\/2022\/09\/Sing2Notes-2.png)\"><\/div>\n\t\t\t\t<div class=\"elementor-cta__bg-overlay\"><\/div>\n\t\t\t<\/div>\n\t\t\t\t\t\t\t<div class=\"elementor-cta__content\">\n\t\t\t\t\n\t\t\t\t\t\t\t\t\t<h3 class=\"elementor-cta__title elementor-cta__content-item elementor-content-item\">\n\t\t\t\t\t\tSing2Notes\t\t\t\t\t<\/h3>\n\t\t\t\t\n\t\t\t\t\t\t\t\t\t<div class=\"elementor-cta__description elementor-cta__content-item elementor-content-item\">\n\t\t\t\t\t\t<p>Transkribiert deine Vokal-Audiodateien in digitale<br \/>\nNoten.<\/p>\n\t\t\t\t\t<\/div>\n\t\t\t\t\n\t\t\t\t\t\t\t\t\t<div class=\"elementor-cta__button-wrapper elementor-cta__content-item elementor-content-item \">\n\t\t\t\t\t<span class=\"elementor-cta__button elementor-button elementor-size-\">\n\t\t\t\t\t\tProbiere es aus\t\t\t\t\t<\/span>\n\t\t\t\t\t<\/div>\n\t\t\t\t\t\t\t<\/div>\n\t\t\t\t\t\t<\/a>\n\t\t\t\t\t\t<\/div>\n\t\t\t\t<\/div>\n\t\t\t\t\t<\/div>\n\t\t<\/div>\n\t\t\t\t<div class=\"elementor-column elementor-col-25 elementor-inner-column elementor-element elementor-element-acd063a\" data-id=\"acd063a\" data-element_type=\"column\">\n\t\t\t<div class=\"elementor-widget-wrap elementor-element-populated\">\n\t\t\t\t\t\t<div class=\"elementor-element elementor-element-7eda8d8 elementor-cta--layout-image-above elementor-cta--skin-classic elementor-animated-content elementor-bg-transform elementor-bg-transform-zoom-in elementor-widget elementor-widget-call-to-action\" data-id=\"7eda8d8\" data-element_type=\"widget\" data-widget_type=\"call-to-action.default\">\n\t\t\t\t<div class=\"elementor-widget-container\">\n\t\t\t\t\t\t\t<a class=\"elementor-cta\" href=\"https:\/\/melodyscanner.com\">\n\t\t\t\t\t<div class=\"elementor-cta__bg-wrapper\">\n\t\t\t\t<div class=\"elementor-cta__bg elementor-bg lazyload\" style=\"background-image:inherit;\" role=\"img\" aria-label=\"Melody Scanner-2\" data-bg-image=\"url(https:\/\/klang.io\/wp-content\/uploads\/2022\/09\/Melody-Scanner-2.png)\"><\/div>\n\t\t\t\t<div class=\"elementor-cta__bg-overlay\"><\/div>\n\t\t\t<\/div>\n\t\t\t\t\t\t\t<div class=\"elementor-cta__content\">\n\t\t\t\t\n\t\t\t\t\t\t\t\t\t<h3 class=\"elementor-cta__title elementor-cta__content-item elementor-content-item\">\n\t\t\t\t\t\tMelody Scanner\t\t\t\t\t<\/h3>\n\t\t\t\t\n\t\t\t\t\t\t\t\t\t<div class=\"elementor-cta__description elementor-cta__content-item elementor-content-item\">\n\t\t\t\t\t\t<p>Transkribiert die Melodie deiner Audiodatei in digitale Notenbl\u00e4tter.<\/p>\n\t\t\t\t\t<\/div>\n\t\t\t\t\n\t\t\t\t\t\t\t\t\t<div class=\"elementor-cta__button-wrapper elementor-cta__content-item elementor-content-item \">\n\t\t\t\t\t<span class=\"elementor-cta__button elementor-button elementor-size-\">\n\t\t\t\t\t\tProbiere es aus\t\t\t\t\t<\/span>\n\t\t\t\t\t<\/div>\n\t\t\t\t\t\t\t<\/div>\n\t\t\t\t\t\t<\/a>\n\t\t\t\t\t\t<\/div>\n\t\t\t\t<\/div>\n\t\t\t\t\t<\/div>\n\t\t<\/div>\n\t\t\t\t\t<\/div>\n\t\t<\/section>\n\t\t\t\t\t<\/div>\n\t\t<\/div>\n\t\t\t\t\t<\/div>\n\t\t<\/section>\n\t\t\t\t<\/div>\n\t\t","protected":false},"excerpt":{"rendered":"<p>MP3 in Noten umwandeln Wie kann ich MP3 in Noten umwandeln? Deine Situation: Du hast dieses Lied, das du am liebsten selbst spielen w\u00fcrdest. Aber du hast nur die MP3-Datei und keine Noten daf\u00fcr. Wie erreiche ich sie? Unsere L\u00f6sung: Lass unsere automatische Musik-Transkriptionssoftware die Musik der Audiodatei f\u00fcr dich transkribieren! So funktioniert es: Schritt [&hellip;]<\/p>\n","protected":false},"author":1,"featured_media":0,"parent":14831,"menu_order":0,"comment_status":"closed","ping_status":"closed","template":"","meta":{"footnotes":"","_links_to":"","_links_to_target":""},"class_list":["post-14748","page","type-page","status-publish","hentry"],"yoast_head":"<!-- This site is optimized with the Yoast SEO plugin v26.4 - https:\/\/yoast.com\/wordpress\/plugins\/seo\/ -->\n<title>MP3 in Noten umwandeln | klang.io<\/title>\n<meta name=\"robots\" content=\"index, follow, max-snippet:-1, max-image-preview:large, max-video-preview:-1\" \/>\n<link rel=\"canonical\" href=\"https:\/\/klang.io\/de\/solutions\/mp3-in-noten-umwandeln\/\" \/>\n<meta property=\"og:locale\" content=\"de_DE\" \/>\n<meta property=\"og:type\" content=\"article\" \/>\n<meta property=\"og:title\" content=\"MP3 in Noten umwandeln | klang.io\" \/>\n<meta property=\"og:description\" content=\"MP3 in Noten umwandeln Wie kann ich MP3 in Noten umwandeln? Deine Situation: Du hast dieses Lied, das du am liebsten selbst spielen w\u00fcrdest. Aber du hast nur die MP3-Datei und keine Noten daf\u00fcr. Wie erreiche ich sie? Unsere L\u00f6sung: Lass unsere automatische Musik-Transkriptionssoftware die Musik der Audiodatei f\u00fcr dich transkribieren! So funktioniert es: Schritt [&hellip;]\" \/>\n<meta property=\"og:url\" content=\"https:\/\/klang.io\/de\/solutions\/mp3-in-noten-umwandeln\/\" \/>\n<meta property=\"og:site_name\" content=\"klang.io\" \/>\n<meta property=\"article:publisher\" content=\"https:\/\/facebook.com\/klangio\" \/>\n<meta property=\"article:modified_time\" content=\"2024-07-15T09:30:56+00:00\" \/>\n<meta name=\"twitter:card\" content=\"summary_large_image\" \/>\n<meta name=\"twitter:site\" content=\"@klangio\" \/>\n<meta name=\"twitter:label1\" content=\"Gesch\u00e4tzte Lesezeit\" \/>\n\t<meta name=\"twitter:data1\" content=\"2\u00a0Minuten\" \/>\n<script type=\"application\/ld+json\" class=\"yoast-schema-graph\">{\"@context\":\"https:\/\/schema.org\",\"@graph\":[{\"@type\":\"WebPage\",\"@id\":\"https:\/\/klang.io\/de\/solutions\/mp3-in-noten-umwandeln\/\",\"url\":\"https:\/\/klang.io\/de\/solutions\/mp3-in-noten-umwandeln\/\",\"name\":\"MP3 in Noten umwandeln | klang.io\",\"isPartOf\":{\"@id\":\"https:\/\/klang.io\/de\/#website\"},\"datePublished\":\"2022-09-22T14:58:22+00:00\",\"dateModified\":\"2024-07-15T09:30:56+00:00\",\"breadcrumb\":{\"@id\":\"https:\/\/klang.io\/de\/solutions\/mp3-in-noten-umwandeln\/#breadcrumb\"},\"inLanguage\":\"de\",\"potentialAction\":[{\"@type\":\"ReadAction\",\"target\":[\"https:\/\/klang.io\/de\/solutions\/mp3-in-noten-umwandeln\/\"]}]},{\"@type\":\"BreadcrumbList\",\"@id\":\"https:\/\/klang.io\/de\/solutions\/mp3-in-noten-umwandeln\/#breadcrumb\",\"itemListElement\":[{\"@type\":\"ListItem\",\"position\":1,\"name\":\"Home\",\"item\":\"https:\/\/klang.io\/de\/home-2\/\"},{\"@type\":\"ListItem\",\"position\":2,\"name\":\"L\u00f6sungen\",\"item\":\"https:\/\/klang.io\/de\/solutions\/\"},{\"@type\":\"ListItem\",\"position\":3,\"name\":\"MP3 in Noten umwandeln\"}]},{\"@type\":\"WebSite\",\"@id\":\"https:\/\/klang.io\/de\/#website\",\"url\":\"https:\/\/klang.io\/de\/\",\"name\":\"Klangio\",\"description\":\"AI Tools for Musicians\",\"publisher\":{\"@id\":\"https:\/\/klang.io\/de\/#organization\"},\"potentialAction\":[{\"@type\":\"SearchAction\",\"target\":{\"@type\":\"EntryPoint\",\"urlTemplate\":\"https:\/\/klang.io\/de\/?s={search_term_string}\"},\"query-input\":{\"@type\":\"PropertyValueSpecification\",\"valueRequired\":true,\"valueName\":\"search_term_string\"}}],\"inLanguage\":\"de\"},{\"@type\":\"Organization\",\"@id\":\"https:\/\/klang.io\/de\/#organization\",\"name\":\"Klangio GmbH\",\"url\":\"https:\/\/klang.io\/de\/\",\"logo\":{\"@type\":\"ImageObject\",\"inLanguage\":\"de\",\"@id\":\"https:\/\/klang.io\/de\/#\/schema\/logo\/image\/\",\"url\":\"\/wp-content\/uploads\/2021\/12\/cropped-Klangio-Logo-icon-1C.png\",\"contentUrl\":\"\/wp-content\/uploads\/2021\/12\/cropped-Klangio-Logo-icon-1C.png\",\"width\":512,\"height\":512,\"caption\":\"Klangio GmbH\"},\"image\":{\"@id\":\"https:\/\/klang.io\/de\/#\/schema\/logo\/image\/\"},\"sameAs\":[\"https:\/\/facebook.com\/klangio\",\"https:\/\/x.com\/klangio\",\"https:\/\/www.linkedin.com\/company\/klangio\/\",\"https:\/\/www.instagram.com\/klangio\/\",\"https:\/\/www.youtube.com\/@Klangio\"]}]}<\/script>\n<!-- \/ Yoast SEO plugin. -->","yoast_head_json":{"title":"MP3 in Noten umwandeln | klang.io","robots":{"index":"index","follow":"follow","max-snippet":"max-snippet:-1","max-image-preview":"max-image-preview:large","max-video-preview":"max-video-preview:-1"},"canonical":"https:\/\/klang.io\/de\/solutions\/mp3-in-noten-umwandeln\/","og_locale":"de_DE","og_type":"article","og_title":"MP3 in Noten umwandeln | klang.io","og_description":"MP3 in Noten umwandeln Wie kann ich MP3 in Noten umwandeln? Deine Situation: Du hast dieses Lied, das du am liebsten selbst spielen w\u00fcrdest. Aber du hast nur die MP3-Datei und keine Noten daf\u00fcr. Wie erreiche ich sie? Unsere L\u00f6sung: Lass unsere automatische Musik-Transkriptionssoftware die Musik der Audiodatei f\u00fcr dich transkribieren! So funktioniert es: Schritt [&hellip;]","og_url":"https:\/\/klang.io\/de\/solutions\/mp3-in-noten-umwandeln\/","og_site_name":"klang.io","article_publisher":"https:\/\/facebook.com\/klangio","article_modified_time":"2024-07-15T09:30:56+00:00","twitter_card":"summary_large_image","twitter_site":"@klangio","twitter_misc":{"Gesch\u00e4tzte Lesezeit":"2\u00a0Minuten"},"schema":{"@context":"https:\/\/schema.org","@graph":[{"@type":"WebPage","@id":"https:\/\/klang.io\/de\/solutions\/mp3-in-noten-umwandeln\/","url":"https:\/\/klang.io\/de\/solutions\/mp3-in-noten-umwandeln\/","name":"MP3 in Noten umwandeln | klang.io","isPartOf":{"@id":"https:\/\/klang.io\/de\/#website"},"datePublished":"2022-09-22T14:58:22+00:00","dateModified":"2024-07-15T09:30:56+00:00","breadcrumb":{"@id":"https:\/\/klang.io\/de\/solutions\/mp3-in-noten-umwandeln\/#breadcrumb"},"inLanguage":"de","potentialAction":[{"@type":"ReadAction","target":["https:\/\/klang.io\/de\/solutions\/mp3-in-noten-umwandeln\/"]}]},{"@type":"BreadcrumbList","@id":"https:\/\/klang.io\/de\/solutions\/mp3-in-noten-umwandeln\/#breadcrumb","itemListElement":[{"@type":"ListItem","position":1,"name":"Home","item":"https:\/\/klang.io\/de\/home-2\/"},{"@type":"ListItem","position":2,"name":"L\u00f6sungen","item":"https:\/\/klang.io\/de\/solutions\/"},{"@type":"ListItem","position":3,"name":"MP3 in Noten umwandeln"}]},{"@type":"WebSite","@id":"https:\/\/klang.io\/de\/#website","url":"https:\/\/klang.io\/de\/","name":"Klangio","description":"AI Tools for Musicians","publisher":{"@id":"https:\/\/klang.io\/de\/#organization"},"potentialAction":[{"@type":"SearchAction","target":{"@type":"EntryPoint","urlTemplate":"https:\/\/klang.io\/de\/?s={search_term_string}"},"query-input":{"@type":"PropertyValueSpecification","valueRequired":true,"valueName":"search_term_string"}}],"inLanguage":"de"},{"@type":"Organization","@id":"https:\/\/klang.io\/de\/#organization","name":"Klangio GmbH","url":"https:\/\/klang.io\/de\/","logo":{"@type":"ImageObject","inLanguage":"de","@id":"https:\/\/klang.io\/de\/#\/schema\/logo\/image\/","url":"\/wp-content\/uploads\/2021\/12\/cropped-Klangio-Logo-icon-1C.png","contentUrl":"\/wp-content\/uploads\/2021\/12\/cropped-Klangio-Logo-icon-1C.png","width":512,"height":512,"caption":"Klangio GmbH"},"image":{"@id":"https:\/\/klang.io\/de\/#\/schema\/logo\/image\/"},"sameAs":["https:\/\/facebook.com\/klangio","https:\/\/x.com\/klangio","https:\/\/www.linkedin.com\/company\/klangio\/","https:\/\/www.instagram.com\/klangio\/","https:\/\/www.youtube.com\/@Klangio"]}]}},"_links":{"self":[{"href":"https:\/\/klang.io\/de\/wp-json\/wp\/v2\/pages\/14748","targetHints":{"allow":["GET"]}}],"collection":[{"href":"https:\/\/klang.io\/de\/wp-json\/wp\/v2\/pages"}],"about":[{"href":"https:\/\/klang.io\/de\/wp-json\/wp\/v2\/types\/page"}],"author":[{"embeddable":true,"href":"https:\/\/klang.io\/de\/wp-json\/wp\/v2\/users\/1"}],"replies":[{"embeddable":true,"href":"https:\/\/klang.io\/de\/wp-json\/wp\/v2\/comments?post=14748"}],"version-history":[{"count":0,"href":"https:\/\/klang.io\/de\/wp-json\/wp\/v2\/pages\/14748\/revisions"}],"up":[{"embeddable":true,"href":"https:\/\/klang.io\/de\/wp-json\/wp\/v2\/pages\/14831"}],"wp:attachment":[{"href":"https:\/\/klang.io\/de\/wp-json\/wp\/v2\/media?parent=14748"}],"curies":[{"name":"wp","href":"https:\/\/api.w.org\/{rel}","templated":true}]}}