{"id":15958,"date":"2022-06-11T07:20:09","date_gmt":"2022-06-11T07:20:09","guid":{"rendered":"https:\/\/klang.io\/about-us\/contact\/"},"modified":"2025-10-13T06:01:48","modified_gmt":"2025-10-13T06:01:48","slug":"contact","status":"publish","type":"page","link":"https:\/\/klang.io\/es\/about-us\/contact\/","title":{"rendered":"Contacta con nosotros"},"content":{"rendered":"\t\t<div data-elementor-type=\"wp-page\" data-elementor-id=\"15958\" class=\"elementor elementor-15958 elementor-6836\" data-elementor-post-type=\"page\">\n\t\t\t\t<div class=\"elementor-element elementor-element-7faad1f e-flex e-con-boxed e-con e-parent\" data-id=\"7faad1f\" data-element_type=\"container\" data-settings=\"{&quot;background_background&quot;:&quot;classic&quot;,&quot;background_motion_fx_motion_fx_scrolling&quot;:&quot;yes&quot;,&quot;background_motion_fx_translateY_effect&quot;:&quot;yes&quot;,&quot;background_motion_fx_translateY_speed&quot;:{&quot;unit&quot;:&quot;px&quot;,&quot;size&quot;:10,&quot;sizes&quot;:[]},&quot;background_motion_fx_translateY_affectedRange&quot;:{&quot;unit&quot;:&quot;%&quot;,&quot;size&quot;:&quot;&quot;,&quot;sizes&quot;:{&quot;start&quot;:0,&quot;end&quot;:100}},&quot;background_motion_fx_devices&quot;:[&quot;desktop&quot;,&quot;tablet&quot;,&quot;mobile&quot;]}\">\n\t\t\t\t\t<div class=\"e-con-inner\">\n\t\t<div class=\"elementor-element elementor-element-b0adcd5 e-con-full e-flex e-con e-child\" data-id=\"b0adcd5\" data-element_type=\"container\">\n\t\t\t\t<div class=\"elementor-element elementor-element-0a9a938 elementor-widget elementor-widget-heading\" data-id=\"0a9a938\" data-element_type=\"widget\" data-widget_type=\"heading.default\">\n\t\t\t\t<div class=\"elementor-widget-container\">\n\t\t\t\t\t<h1 class=\"elementor-heading-title elementor-size-default\">Contacta con nosotros<\/h1>\t\t\t\t<\/div>\n\t\t\t\t<\/div>\n\t\t\t\t<\/div>\n\t\t\t\t\t<\/div>\n\t\t\t\t<\/div>\n\t\t<div class=\"elementor-element elementor-element-b7c0f68 e-flex e-con-boxed e-con e-parent\" data-id=\"b7c0f68\" data-element_type=\"container\" data-settings=\"{&quot;background_background&quot;:&quot;classic&quot;}\">\n\t\t\t\t\t<div class=\"e-con-inner\">\n\t\t<div class=\"elementor-element elementor-element-23a5cc2 e-con-full e-flex e-con e-child\" data-id=\"23a5cc2\" data-element_type=\"container\">\n\t\t\t\t<div class=\"elementor-element elementor-element-90f0460 elementor-widget elementor-widget-heading\" data-id=\"90f0460\" data-element_type=\"widget\" data-widget_type=\"heading.default\">\n\t\t\t\t<div class=\"elementor-widget-container\">\n\t\t\t\t\t<h2 class=\"elementor-heading-title elementor-size-default\">Nos encantar\u00eda saber de ti<\/h2>\t\t\t\t<\/div>\n\t\t\t\t<\/div>\n\t\t\t\t<div class=\"elementor-element elementor-element-dcc0d1e elementor-widget elementor-widget-html\" data-id=\"dcc0d1e\" data-element_type=\"widget\" data-widget_type=\"html.default\">\n\t\t\t\t<div class=\"elementor-widget-container\">\n\t\t\t\t\t<script>!function(Gleap,t,i){if(!(Gleap=window.Gleap=window.Gleap||[]).invoked){for(window.GleapActions=[],Gleap.invoked=!0,Gleap.methods=[\"identify\",\"setEnvironment\",\"setTags\",\"attachCustomData\",\"setCustomData\",\"removeCustomData\",\"clearCustomData\",\"registerCustomAction\",\"trackEvent\",\"setUseCookies\",\"log\",\"preFillForm\",\"showSurvey\",\"sendSilentCrashReport\",\"startFeedbackFlow\",\"startBot\",\"setAppBuildNumber\",\"setAppVersionCode\",\"setApiUrl\",\"setFrameUrl\",\"isOpened\",\"open\",\"close\",\"on\",\"setLanguage\",\"setOfflineMode\",\"startClassicForm\",\"initialize\",\"disableConsoleLogOverwrite\",\"logEvent\",\"hide\",\"enableShortcuts\",\"showFeedbackButton\",\"destroy\",\"getIdentity\",\"isUserIdentified\",\"clearIdentity\",\"openConversations\",\"openConversation\",\"openHelpCenterCollection\",\"openHelpCenterArticle\",\"openHelpCenter\",\"searchHelpCenter\",\"openNewsArticle\",\"openChecklists\",\"startChecklist\",\"openNews\",\"openFeatureRequests\",\"isLiveMode\"],Gleap.f=function(e){return function(){var t=Array.prototype.slice.call(arguments);window.GleapActions.push({e:e,a:t})}},t=0;t<Gleap.methods.length;t++)Gleap[i=Gleap.methods[t]]=Gleap.f(i);Gleap.load=function(){var t=document.getElementsByTagName(\"head\")[0],i=document.createElement(\"script\");i.type=\"text\/javascript\",i.async=!0,i.src=\"https:\/\/sdk.gleap.io\/latest\/index.js\",t.appendChild(i)},Gleap.load(),\n    Gleap.initialize(\"ey2AnB60J0u12rkRO9w8gKxs8MWlQG3m\")\n}}();\n<\/script>\t\t\t\t<\/div>\n\t\t\t\t<\/div>\n\t\t\t\t<div class=\"elementor-element elementor-element-ca645ef elementor-widget elementor-widget-text-editor\" data-id=\"ca645ef\" data-element_type=\"widget\" data-widget_type=\"text-editor.default\">\n\t\t\t\t<div class=\"elementor-widget-container\">\n\t\t\t\t\t\t\t\t\t<p>Obtenga respuestas inmediatas a sus preguntas y resuelva problemas en nuestro Centro de ayuda<\/p>\t\t\t\t\t\t\t\t<\/div>\n\t\t\t\t<\/div>\n\t\t\t\t<div class=\"elementor-element elementor-element-8866c13 elementor-align-center elementor-widget elementor-widget-button\" data-id=\"8866c13\" data-element_type=\"widget\" data-widget_type=\"button.default\">\n\t\t\t\t<div class=\"elementor-widget-container\">\n\t\t\t\t\t\t\t\t\t<div class=\"elementor-button-wrapper\">\n\t\t\t\t\t<a class=\"elementor-button elementor-button-link elementor-size-sm\" href=\"\/help\/\">\n\t\t\t\t\t\t<span class=\"elementor-button-content-wrapper\">\n\t\t\t\t\t\t\t\t\t<span class=\"elementor-button-text\">Nuestro Centro de Ayuda<\/span>\n\t\t\t\t\t<\/span>\n\t\t\t\t\t<\/a>\n\t\t\t\t<\/div>\n\t\t\t\t\t\t\t\t<\/div>\n\t\t\t\t<\/div>\n\t\t\t\t<div class=\"elementor-element elementor-element-a9ccf7e elementor-widget elementor-widget-text-editor\" data-id=\"a9ccf7e\" data-element_type=\"widget\" data-widget_type=\"text-editor.default\">\n\t\t\t\t<div class=\"elementor-widget-container\">\n\t\t\t\t\t\t\t\t\t<p>o chatee con nosotros a trav\u00e9s de nuestro chat de soporte:<\/p>\t\t\t\t\t\t\t\t<\/div>\n\t\t\t\t<\/div>\n\t\t\t\t<div class=\"elementor-element elementor-element-d2d5e4f elementor-align-center elementor-widget elementor-widget-button\" data-id=\"d2d5e4f\" data-element_type=\"widget\" id=\"gleap-contactForm-button\" data-widget_type=\"button.default\">\n\t\t\t\t<div class=\"elementor-widget-container\">\n\t\t\t\t\t\t\t\t\t<div class=\"elementor-button-wrapper\">\n\t\t\t\t\t<a class=\"elementor-button elementor-button-link elementor-size-sm\" href=\"#contact\" id=\"btn_wp_gleap_contact_form\">\n\t\t\t\t\t\t<span class=\"elementor-button-content-wrapper\">\n\t\t\t\t\t\t\t\t\t<span class=\"elementor-button-text\">Chatear con soporte<\/span>\n\t\t\t\t\t<\/span>\n\t\t\t\t\t<\/a>\n\t\t\t\t<\/div>\n\t\t\t\t\t\t\t\t<\/div>\n\t\t\t\t<\/div>\n\t\t\t\t<div class=\"elementor-element elementor-element-1046062 elementor-widget elementor-widget-html\" data-id=\"1046062\" data-element_type=\"widget\" data-widget_type=\"html.default\">\n\t\t\t\t<div class=\"elementor-widget-container\">\n\t\t\t\t\t<script>document.addEventListener(\"DOMContentLoaded\", function () {\r\n    const btn = document.getElementById(\"gleap-contactForm-button\");\r\n\r\n    if (btn) {\r\n      btn.addEventListener(\"click\", function () {\r\n        Gleap.open();\r\n        Gleap.startBot(\"67c04ac4b51b1099e77bdb2e\");\r\n      });\r\n    }\r\n  });\r\n<\/script>\t\t\t\t<\/div>\n\t\t\t\t<\/div>\n\t\t\t\t<\/div>\n\t\t\t\t\t<\/div>\n\t\t\t\t<\/div>\n\t\t\t\t<\/div>\n\t\t","protected":false},"excerpt":{"rendered":"<p>Contacta con nosotros Nos encantar\u00eda saber de ti Obtenga respuestas inmediatas a sus preguntas y resuelva problemas en nuestro Centro de ayuda Nuestro Centro de Ayuda o chatee con nosotros a trav\u00e9s de nuestro chat de soporte: Chatear con soporte<\/p>\n","protected":false},"author":20,"featured_media":0,"parent":15901,"menu_order":0,"comment_status":"closed","ping_status":"closed","template":"","meta":{"footnotes":"","_links_to":"","_links_to_target":""},"class_list":["post-15958","page","type-page","status-publish","hentry"],"yoast_head":"<!-- This site is optimized with the Yoast SEO plugin v26.4 - https:\/\/yoast.com\/wordpress\/plugins\/seo\/ -->\n<title>Contacta con nosotros | klang.io<\/title>\n<meta name=\"description\" content=\"Comparta su opini\u00f3n: Env\u00ede comentarios, sugerencias o preguntas sobre Klangio y transcripci\u00f3n.\" \/>\n<meta name=\"robots\" content=\"index, follow, max-snippet:-1, max-image-preview:large, max-video-preview:-1\" \/>\n<link rel=\"canonical\" href=\"https:\/\/klang.io\/es\/about-us\/contact\/\" \/>\n<meta property=\"og:locale\" content=\"es_ES\" \/>\n<meta property=\"og:type\" content=\"article\" \/>\n<meta property=\"og:title\" content=\"Contacta con nosotros | klang.io\" \/>\n<meta property=\"og:description\" content=\"Comparta su opini\u00f3n: Env\u00ede comentarios, sugerencias o preguntas sobre Klangio y transcripci\u00f3n.\" \/>\n<meta property=\"og:url\" content=\"https:\/\/klang.io\/es\/about-us\/contact\/\" \/>\n<meta property=\"og:site_name\" content=\"klang.io\" \/>\n<meta property=\"article:publisher\" content=\"https:\/\/facebook.com\/klangio\" \/>\n<meta property=\"article:modified_time\" content=\"2025-10-13T06:01:48+00:00\" \/>\n<meta name=\"twitter:card\" content=\"summary_large_image\" \/>\n<meta name=\"twitter:site\" content=\"@klangio\" \/>\n<script type=\"application\/ld+json\" class=\"yoast-schema-graph\">{\"@context\":\"https:\/\/schema.org\",\"@graph\":[{\"@type\":\"WebPage\",\"@id\":\"https:\/\/klang.io\/es\/about-us\/contact\/\",\"url\":\"https:\/\/klang.io\/es\/about-us\/contact\/\",\"name\":\"Contacta con nosotros | klang.io\",\"isPartOf\":{\"@id\":\"https:\/\/klang.io\/es\/#website\"},\"datePublished\":\"2022-06-11T07:20:09+00:00\",\"dateModified\":\"2025-10-13T06:01:48+00:00\",\"description\":\"Comparta su opini\u00f3n: Env\u00ede comentarios, sugerencias o preguntas sobre Klangio y transcripci\u00f3n.\",\"breadcrumb\":{\"@id\":\"https:\/\/klang.io\/es\/about-us\/contact\/#breadcrumb\"},\"inLanguage\":\"es\",\"potentialAction\":[{\"@type\":\"ReadAction\",\"target\":[\"https:\/\/klang.io\/es\/about-us\/contact\/\"]}]},{\"@type\":\"BreadcrumbList\",\"@id\":\"https:\/\/klang.io\/es\/about-us\/contact\/#breadcrumb\",\"itemListElement\":[{\"@type\":\"ListItem\",\"position\":1,\"name\":\"Home\",\"item\":\"https:\/\/klang.io\/es\/home-2\/\"},{\"@type\":\"ListItem\",\"position\":2,\"name\":\"Sobre nosotros\",\"item\":\"https:\/\/klang.io\/es\/about-us\/\"},{\"@type\":\"ListItem\",\"position\":3,\"name\":\"Contacta con nosotros\"}]},{\"@type\":\"WebSite\",\"@id\":\"https:\/\/klang.io\/es\/#website\",\"url\":\"https:\/\/klang.io\/es\/\",\"name\":\"Klangio\",\"description\":\"AI Tools for Musicians\",\"publisher\":{\"@id\":\"https:\/\/klang.io\/es\/#organization\"},\"potentialAction\":[{\"@type\":\"SearchAction\",\"target\":{\"@type\":\"EntryPoint\",\"urlTemplate\":\"https:\/\/klang.io\/es\/?s={search_term_string}\"},\"query-input\":{\"@type\":\"PropertyValueSpecification\",\"valueRequired\":true,\"valueName\":\"search_term_string\"}}],\"inLanguage\":\"es\"},{\"@type\":\"Organization\",\"@id\":\"https:\/\/klang.io\/es\/#organization\",\"name\":\"Klangio GmbH\",\"url\":\"https:\/\/klang.io\/es\/\",\"logo\":{\"@type\":\"ImageObject\",\"inLanguage\":\"es\",\"@id\":\"https:\/\/klang.io\/es\/#\/schema\/logo\/image\/\",\"url\":\"\/wp-content\/uploads\/2021\/12\/cropped-Klangio-Logo-icon-1C.png\",\"contentUrl\":\"\/wp-content\/uploads\/2021\/12\/cropped-Klangio-Logo-icon-1C.png\",\"width\":512,\"height\":512,\"caption\":\"Klangio GmbH\"},\"image\":{\"@id\":\"https:\/\/klang.io\/es\/#\/schema\/logo\/image\/\"},\"sameAs\":[\"https:\/\/facebook.com\/klangio\",\"https:\/\/x.com\/klangio\",\"https:\/\/www.linkedin.com\/company\/klangio\/\",\"https:\/\/www.instagram.com\/klangio\/\",\"https:\/\/www.youtube.com\/@Klangio\"]}]}<\/script>\n<!-- \/ Yoast SEO plugin. -->","yoast_head_json":{"title":"Contacta con nosotros | klang.io","description":"Comparta su opini\u00f3n: Env\u00ede comentarios, sugerencias o preguntas sobre Klangio y transcripci\u00f3n.","robots":{"index":"index","follow":"follow","max-snippet":"max-snippet:-1","max-image-preview":"max-image-preview:large","max-video-preview":"max-video-preview:-1"},"canonical":"https:\/\/klang.io\/es\/about-us\/contact\/","og_locale":"es_ES","og_type":"article","og_title":"Contacta con nosotros | klang.io","og_description":"Comparta su opini\u00f3n: Env\u00ede comentarios, sugerencias o preguntas sobre Klangio y transcripci\u00f3n.","og_url":"https:\/\/klang.io\/es\/about-us\/contact\/","og_site_name":"klang.io","article_publisher":"https:\/\/facebook.com\/klangio","article_modified_time":"2025-10-13T06:01:48+00:00","twitter_card":"summary_large_image","twitter_site":"@klangio","schema":{"@context":"https:\/\/schema.org","@graph":[{"@type":"WebPage","@id":"https:\/\/klang.io\/es\/about-us\/contact\/","url":"https:\/\/klang.io\/es\/about-us\/contact\/","name":"Contacta con nosotros | klang.io","isPartOf":{"@id":"https:\/\/klang.io\/es\/#website"},"datePublished":"2022-06-11T07:20:09+00:00","dateModified":"2025-10-13T06:01:48+00:00","description":"Comparta su opini\u00f3n: Env\u00ede comentarios, sugerencias o preguntas sobre Klangio y transcripci\u00f3n.","breadcrumb":{"@id":"https:\/\/klang.io\/es\/about-us\/contact\/#breadcrumb"},"inLanguage":"es","potentialAction":[{"@type":"ReadAction","target":["https:\/\/klang.io\/es\/about-us\/contact\/"]}]},{"@type":"BreadcrumbList","@id":"https:\/\/klang.io\/es\/about-us\/contact\/#breadcrumb","itemListElement":[{"@type":"ListItem","position":1,"name":"Home","item":"https:\/\/klang.io\/es\/home-2\/"},{"@type":"ListItem","position":2,"name":"Sobre nosotros","item":"https:\/\/klang.io\/es\/about-us\/"},{"@type":"ListItem","position":3,"name":"Contacta con nosotros"}]},{"@type":"WebSite","@id":"https:\/\/klang.io\/es\/#website","url":"https:\/\/klang.io\/es\/","name":"Klangio","description":"AI Tools for Musicians","publisher":{"@id":"https:\/\/klang.io\/es\/#organization"},"potentialAction":[{"@type":"SearchAction","target":{"@type":"EntryPoint","urlTemplate":"https:\/\/klang.io\/es\/?s={search_term_string}"},"query-input":{"@type":"PropertyValueSpecification","valueRequired":true,"valueName":"search_term_string"}}],"inLanguage":"es"},{"@type":"Organization","@id":"https:\/\/klang.io\/es\/#organization","name":"Klangio GmbH","url":"https:\/\/klang.io\/es\/","logo":{"@type":"ImageObject","inLanguage":"es","@id":"https:\/\/klang.io\/es\/#\/schema\/logo\/image\/","url":"\/wp-content\/uploads\/2021\/12\/cropped-Klangio-Logo-icon-1C.png","contentUrl":"\/wp-content\/uploads\/2021\/12\/cropped-Klangio-Logo-icon-1C.png","width":512,"height":512,"caption":"Klangio GmbH"},"image":{"@id":"https:\/\/klang.io\/es\/#\/schema\/logo\/image\/"},"sameAs":["https:\/\/facebook.com\/klangio","https:\/\/x.com\/klangio","https:\/\/www.linkedin.com\/company\/klangio\/","https:\/\/www.instagram.com\/klangio\/","https:\/\/www.youtube.com\/@Klangio"]}]}},"_links":{"self":[{"href":"https:\/\/klang.io\/es\/wp-json\/wp\/v2\/pages\/15958","targetHints":{"allow":["GET"]}}],"collection":[{"href":"https:\/\/klang.io\/es\/wp-json\/wp\/v2\/pages"}],"about":[{"href":"https:\/\/klang.io\/es\/wp-json\/wp\/v2\/types\/page"}],"author":[{"embeddable":true,"href":"https:\/\/klang.io\/es\/wp-json\/wp\/v2\/users\/20"}],"replies":[{"embeddable":true,"href":"https:\/\/klang.io\/es\/wp-json\/wp\/v2\/comments?post=15958"}],"version-history":[{"count":2,"href":"https:\/\/klang.io\/es\/wp-json\/wp\/v2\/pages\/15958\/revisions"}],"predecessor-version":[{"id":38994,"href":"https:\/\/klang.io\/es\/wp-json\/wp\/v2\/pages\/15958\/revisions\/38994"}],"up":[{"embeddable":true,"href":"https:\/\/klang.io\/es\/wp-json\/wp\/v2\/pages\/15901"}],"wp:attachment":[{"href":"https:\/\/klang.io\/es\/wp-json\/wp\/v2\/media?parent=15958"}],"curies":[{"name":"wp","href":"https:\/\/api.w.org\/{rel}","templated":true}]}}