{"id":19531,"date":"2022-06-18T05:40:04","date_gmt":"2022-06-18T05:40:04","guid":{"rendered":"https:\/\/klang.io\/impressao\/"},"modified":"2024-05-11T18:16:24","modified_gmt":"2024-05-11T18:16:24","slug":"informacoes-legais","status":"publish","type":"page","link":"https:\/\/klang.io\/pt-br\/informacoes-legais\/","title":{"rendered":"Informa\u00e7\u00f5es Legais"},"content":{"rendered":"\t\t<div data-elementor-type=\"wp-page\" data-elementor-id=\"19531\" class=\"elementor elementor-19531 elementor-7259\" data-elementor-post-type=\"page\">\n\t\t\t\t\t\t<section class=\"elementor-section elementor-top-section elementor-element elementor-element-e8cecd5 elementor-section-boxed elementor-section-height-default elementor-section-height-default\" data-id=\"e8cecd5\" data-element_type=\"section\" data-settings=\"{&quot;background_background&quot;:&quot;classic&quot;,&quot;background_motion_fx_motion_fx_scrolling&quot;:&quot;yes&quot;,&quot;background_motion_fx_translateY_effect&quot;:&quot;yes&quot;,&quot;background_motion_fx_translateY_speed&quot;:{&quot;unit&quot;:&quot;px&quot;,&quot;size&quot;:10,&quot;sizes&quot;:[]},&quot;background_motion_fx_translateY_affectedRange&quot;:{&quot;unit&quot;:&quot;%&quot;,&quot;size&quot;:&quot;&quot;,&quot;sizes&quot;:{&quot;start&quot;:0,&quot;end&quot;:100}},&quot;background_motion_fx_devices&quot;:[&quot;desktop&quot;,&quot;tablet&quot;,&quot;mobile&quot;]}\">\n\t\t\t\t\t\t\t<div class=\"elementor-background-overlay\"><\/div>\n\t\t\t\t\t\t\t<div class=\"elementor-container elementor-column-gap-default\">\n\t\t\t\t\t<div class=\"elementor-column elementor-col-100 elementor-top-column elementor-element elementor-element-3281f00\" data-id=\"3281f00\" data-element_type=\"column\">\n\t\t\t<div class=\"elementor-widget-wrap elementor-element-populated\">\n\t\t\t\t\t\t<div class=\"elementor-element elementor-element-6eb9956 elementor-widget elementor-widget-heading\" data-id=\"6eb9956\" data-element_type=\"widget\" data-widget_type=\"heading.default\">\n\t\t\t\t<div class=\"elementor-widget-container\">\n\t\t\t\t\t<h1 class=\"elementor-heading-title elementor-size-default\">Informa\u00e7\u00f5es Legais<\/h1>\t\t\t\t<\/div>\n\t\t\t\t<\/div>\n\t\t\t\t\t<\/div>\n\t\t<\/div>\n\t\t\t\t\t<\/div>\n\t\t<\/section>\n\t\t\t\t<section class=\"elementor-section elementor-top-section elementor-element elementor-element-45fe420 elementor-section-boxed elementor-section-height-default elementor-section-height-default\" data-id=\"45fe420\" data-element_type=\"section\" data-settings=\"{&quot;background_background&quot;:&quot;classic&quot;}\">\n\t\t\t\t\t\t<div class=\"elementor-container elementor-column-gap-default\">\n\t\t\t\t\t<div class=\"elementor-column elementor-col-100 elementor-top-column elementor-element elementor-element-533a9a3\" data-id=\"533a9a3\" data-element_type=\"column\">\n\t\t\t<div class=\"elementor-widget-wrap elementor-element-populated\">\n\t\t\t\t\t\t<div class=\"elementor-element elementor-element-d2f0478 elementor-widget elementor-widget-text-editor\" data-id=\"d2f0478\" data-element_type=\"widget\" data-widget_type=\"text-editor.default\">\n\t\t\t\t<div class=\"elementor-widget-container\">\n\t\t\t\t\t\t\t\t\t<h2>Anota\u00e7\u00f5es de acordo com o \u00a7 5 TMG<\/h2>\n<p>Klangio GmbH<br>Alter Schlachthof 39<br>Cont\u00eainer A4<br>76131 Karlsruhe<\/p>\n<p>Registro de m\u00e3os: HRB 730768<br>Registro de Im\u00f3veis: Registro de Mannheim<\/p>\n<p><strong>Voc\u00ea pode ver isso atrav\u00e9s de:<\/strong><br>Sebastian Murgul<\/p>\n<h2>Contato<\/h2>\n<p>Telefonar: +49 (0)721 276604 20<br>E-mail: hello@klangio.com<\/p>\n<h2>Fotos<\/h2>\n<p>Sebastian Weindel:&nbsp;<a href=\"https:\/\/www.sebastian-weindel.de\/\">https:\/\/www.sebastian-weindel.de<\/a><\/p>\n<h2>Umsatzsteuer-ID<\/h2>\n<p>Umsatzsteuer-Identifikationsnummer gem\u00e4\u00df \u00a7 27 a Umsatzsteuergesetz:<br>DE 327367964<\/p>\n<h2>Regulamenta\u00e7\u00e3o da UE<\/h2>\n<p>A Comiss\u00e3o Europeia est\u00e1 lan\u00e7ando uma plataforma para a coleta de dados on-line (OS):&nbsp;<a href=\"https:\/\/ec.europa.eu\/consumers\/odr\" target=\"_blank\" rel=\"noopener noreferrer\">https:\/\/ec.europa.eu\/consumers\/odr. <\/a><br>Voc\u00ea pode encontrar nosso endere\u00e7o de e-mail na parte superior em Impress\u00e3o.<\/p>\n<h2>Pistola de choque para ve\u00edculos de combate a inc\u00eandios\/esta\u00e7\u00e3o universal<\/h2>\n<p>N\u00e3o estamos dispostos a aceitar que voc\u00ea se junte a eles em uma esta\u00e7\u00e3o de controle de armas de fogo.<\/p>\n<h3>Pagamento por inala\u00e7\u00e3o<\/h3>\n<p>Como administradores de fundos, estamos de acordo com o \u00a7 7 Abs.1 Voc\u00ea pode usar o TMG para fazer suas pr\u00f3prias anota\u00e7\u00f5es nessas p\u00e1ginas de acordo com os termos gerais. De acordo com os \u00a7\u00a7 8 a 10 da TMG, n\u00f3s, como Diensteanbieter, n\u00e3o estamos obrigados a fornecer informa\u00e7\u00f5es livres, como informa\u00e7\u00f5es sobre o uso de produtos ou servi\u00e7os, ou informa\u00e7\u00f5es sobre os aspectos que voc\u00ea deseja obter, que tenham um efeito de restri\u00e7\u00e3o de direitos.<\/p>\n<p>Voc\u00ea n\u00e3o pode ser responsabilizado por qualquer tipo de conflito que ocorra em rela\u00e7\u00e3o ao fornecimento ou \u00e0 perda de informa\u00e7\u00f5es de acordo com as normas gerais. Voc\u00ea pode obter uma indeniza\u00e7\u00e3o por danos morais apenas no momento em que for informado sobre uma decis\u00e3o judicial. Se voc\u00ea for um dos autores de resolu\u00e7\u00f5es de lit\u00edgios anteriores, n\u00f3s lhe daremos essas informa\u00e7\u00f5es de forma abrangente.<\/p>\n<h3>Direitos para links<\/h3>\n<p>O nosso an\u00fancio cont\u00e9m links para sites externos, sobre os quais n\u00e3o temos qualquer influ\u00eancia. Portanto, para esses produtos de uso livre, voc\u00ea tamb\u00e9m n\u00e3o pode receber nenhum pr\u00eamio. Para as informa\u00e7\u00f5es contidas nas p\u00e1ginas com links, voc\u00ea deve consultar o propriet\u00e1rio ou o fornecedor das p\u00e1ginas. As se\u00e7\u00f5es com links foram removidas no momento da verifica\u00e7\u00e3o de restri\u00e7\u00f5es legais. As informa\u00e7\u00f5es jur\u00eddicas n\u00e3o foram mencionadas no momento da verifica\u00e7\u00e3o.<\/p>\n<p>Um controle interno permanente das se\u00e7\u00f5es de verlinkten n\u00e3o \u00e9, no entanto, um ponto de partida para uma solu\u00e7\u00e3o de direitos autorais. Se voc\u00ea tiver conhecimento de solu\u00e7\u00f5es de direitos autorais, n\u00f3s lhe forneceremos links espec\u00edficos.<\/p>\n<h3>Urheberrecht<\/h3>\n<p>Os textos e trabalhos escritos por voc\u00ea nessas p\u00e1ginas n\u00e3o est\u00e3o de acordo com a lei alem\u00e3 de direitos autorais. A verifica\u00e7\u00e3o, a revis\u00e3o, a revis\u00e3o e qualquer outra forma de verifica\u00e7\u00e3o, al\u00e9m das regras da Urheberrechtes, devem ser feitas de acordo com a legisla\u00e7\u00e3o dos autores e de acordo com a legisla\u00e7\u00e3o de cada pa\u00eds. Propriet\u00e1rios. Os downloads e as c\u00f3pias deste site s\u00e3o feitos apenas para uso privado e n\u00e3o comercial.<\/p>\n<p>Se voc\u00ea n\u00e3o tiver sido informado sobre as informa\u00e7\u00f5es contidas nesta p\u00e1gina, as informa\u00e7\u00f5es do terceiro item devem ser observadas. Al\u00e9m disso, voc\u00ea pode usar os Inhalte Dritter como se fossem solteiros. Se voc\u00ea n\u00e3o estiver ciente de que a viola\u00e7\u00e3o de direitos autorais \u00e9 um problema, daremos a voc\u00ea uma dica importante. Se voc\u00ea for v\u00edtima de danos causados por direitos autorais, n\u00f3s lhe daremos informa\u00e7\u00f5es adicionais.<\/p>\n<p>Fonte:&nbsp;<a href=\"https:\/\/www.e-recht24.de\/\">https:\/\/www.e-recht24.de<\/a><\/p>\t\t\t\t\t\t\t\t<\/div>\n\t\t\t\t<\/div>\n\t\t\t\t\t<\/div>\n\t\t<\/div>\n\t\t\t\t\t<\/div>\n\t\t<\/section>\n\t\t\t\t<\/div>\n\t\t","protected":false},"excerpt":{"rendered":"<p>Informa\u00e7\u00f5es Legais Anota\u00e7\u00f5es de acordo com o \u00a7 5 TMG Klangio GmbHAlter Schlachthof 39Cont\u00eainer A476131 Karlsruhe Registro de m\u00e3os: HRB 730768Registro de Im\u00f3veis: Registro de Mannheim Voc\u00ea pode ver isso atrav\u00e9s de:Sebastian Murgul Contato Telefonar: +49 (0)721 276604 20E-mail: hello@klangio.com Fotos Sebastian Weindel:&nbsp;https:\/\/www.sebastian-weindel.de Umsatzsteuer-ID Umsatzsteuer-Identifikationsnummer gem\u00e4\u00df \u00a7 27 a Umsatzsteuergesetz:DE 327367964 Regulamenta\u00e7\u00e3o da UE A [&hellip;]<\/p>\n","protected":false},"author":1,"featured_media":0,"parent":0,"menu_order":0,"comment_status":"closed","ping_status":"closed","template":"elementor_header_footer","meta":{"footnotes":"","_links_to":"","_links_to_target":""},"class_list":["post-19531","page","type-page","status-publish","hentry"],"yoast_head":"<!-- This site is optimized with the Yoast SEO plugin v26.4 - https:\/\/yoast.com\/wordpress\/plugins\/seo\/ -->\n<title>Informa\u00e7\u00f5es Legais | Klangio<\/title>\n<meta name=\"robots\" content=\"index, follow, max-snippet:-1, max-image-preview:large, max-video-preview:-1\" \/>\n<link rel=\"canonical\" href=\"https:\/\/klang.io\/pt-br\/informacoes-legais\/\" \/>\n<meta property=\"og:locale\" content=\"pt_BR\" \/>\n<meta property=\"og:type\" content=\"article\" \/>\n<meta property=\"og:title\" content=\"Informa\u00e7\u00f5es Legais | Klangio\" \/>\n<meta property=\"og:description\" content=\"Informa\u00e7\u00f5es Legais Anota\u00e7\u00f5es de acordo com o \u00a7 5 TMG Klangio GmbHAlter Schlachthof 39Cont\u00eainer A476131 Karlsruhe Registro de m\u00e3os: HRB 730768Registro de Im\u00f3veis: Registro de Mannheim Voc\u00ea pode ver isso atrav\u00e9s de:Sebastian Murgul Contato Telefonar: +49 (0)721 276604 20E-mail: hello@klangio.com Fotos Sebastian Weindel:&nbsp;https:\/\/www.sebastian-weindel.de Umsatzsteuer-ID Umsatzsteuer-Identifikationsnummer gem\u00e4\u00df \u00a7 27 a Umsatzsteuergesetz:DE 327367964 Regulamenta\u00e7\u00e3o da UE A [&hellip;]\" \/>\n<meta property=\"og:url\" content=\"https:\/\/klang.io\/pt-br\/informacoes-legais\/\" \/>\n<meta property=\"og:site_name\" content=\"klang.io\" \/>\n<meta property=\"article:publisher\" content=\"https:\/\/facebook.com\/klangio\" \/>\n<meta property=\"article:modified_time\" content=\"2024-05-11T18:16:24+00:00\" \/>\n<meta name=\"twitter:card\" content=\"summary_large_image\" \/>\n<meta name=\"twitter:site\" content=\"@klangio\" \/>\n<meta name=\"twitter:label1\" content=\"Est. tempo de leitura\" \/>\n\t<meta name=\"twitter:data1\" content=\"3 minutos\" \/>\n<script type=\"application\/ld+json\" class=\"yoast-schema-graph\">{\"@context\":\"https:\/\/schema.org\",\"@graph\":[{\"@type\":\"WebPage\",\"@id\":\"https:\/\/klang.io\/pt-br\/informacoes-legais\/\",\"url\":\"https:\/\/klang.io\/pt-br\/informacoes-legais\/\",\"name\":\"Informa\u00e7\u00f5es Legais | Klangio\",\"isPartOf\":{\"@id\":\"https:\/\/klang.io\/pt-br\/#website\"},\"datePublished\":\"2022-06-18T05:40:04+00:00\",\"dateModified\":\"2024-05-11T18:16:24+00:00\",\"breadcrumb\":{\"@id\":\"https:\/\/klang.io\/pt-br\/informacoes-legais\/#breadcrumb\"},\"inLanguage\":\"pt-BR\",\"potentialAction\":[{\"@type\":\"ReadAction\",\"target\":[\"https:\/\/klang.io\/pt-br\/informacoes-legais\/\"]}]},{\"@type\":\"BreadcrumbList\",\"@id\":\"https:\/\/klang.io\/pt-br\/informacoes-legais\/#breadcrumb\",\"itemListElement\":[{\"@type\":\"ListItem\",\"position\":1,\"name\":\"Home\",\"item\":\"https:\/\/klang.io\/pt-br\/inicio-2\/\"},{\"@type\":\"ListItem\",\"position\":2,\"name\":\"Informa\u00e7\u00f5es Legais\"}]},{\"@type\":\"WebSite\",\"@id\":\"https:\/\/klang.io\/pt-br\/#website\",\"url\":\"https:\/\/klang.io\/pt-br\/\",\"name\":\"Klangio\",\"description\":\"AI Tools for Musicians\",\"publisher\":{\"@id\":\"https:\/\/klang.io\/pt-br\/#organization\"},\"potentialAction\":[{\"@type\":\"SearchAction\",\"target\":{\"@type\":\"EntryPoint\",\"urlTemplate\":\"https:\/\/klang.io\/pt-br\/?s={search_term_string}\"},\"query-input\":{\"@type\":\"PropertyValueSpecification\",\"valueRequired\":true,\"valueName\":\"search_term_string\"}}],\"inLanguage\":\"pt-BR\"},{\"@type\":\"Organization\",\"@id\":\"https:\/\/klang.io\/pt-br\/#organization\",\"name\":\"Klangio GmbH\",\"url\":\"https:\/\/klang.io\/pt-br\/\",\"logo\":{\"@type\":\"ImageObject\",\"inLanguage\":\"pt-BR\",\"@id\":\"https:\/\/klang.io\/pt-br\/#\/schema\/logo\/image\/\",\"url\":\"\/wp-content\/uploads\/2021\/12\/cropped-Klangio-Logo-icon-1C.png\",\"contentUrl\":\"\/wp-content\/uploads\/2021\/12\/cropped-Klangio-Logo-icon-1C.png\",\"width\":512,\"height\":512,\"caption\":\"Klangio GmbH\"},\"image\":{\"@id\":\"https:\/\/klang.io\/pt-br\/#\/schema\/logo\/image\/\"},\"sameAs\":[\"https:\/\/facebook.com\/klangio\",\"https:\/\/x.com\/klangio\",\"https:\/\/www.linkedin.com\/company\/klangio\/\",\"https:\/\/www.instagram.com\/klangio\/\",\"https:\/\/www.youtube.com\/@Klangio\"]}]}<\/script>\n<!-- \/ Yoast SEO plugin. -->","yoast_head_json":{"title":"Informa\u00e7\u00f5es Legais | Klangio","robots":{"index":"index","follow":"follow","max-snippet":"max-snippet:-1","max-image-preview":"max-image-preview:large","max-video-preview":"max-video-preview:-1"},"canonical":"https:\/\/klang.io\/pt-br\/informacoes-legais\/","og_locale":"pt_BR","og_type":"article","og_title":"Informa\u00e7\u00f5es Legais | Klangio","og_description":"Informa\u00e7\u00f5es Legais Anota\u00e7\u00f5es de acordo com o \u00a7 5 TMG Klangio GmbHAlter Schlachthof 39Cont\u00eainer A476131 Karlsruhe Registro de m\u00e3os: HRB 730768Registro de Im\u00f3veis: Registro de Mannheim Voc\u00ea pode ver isso atrav\u00e9s de:Sebastian Murgul Contato Telefonar: +49 (0)721 276604 20E-mail: hello@klangio.com Fotos Sebastian Weindel:&nbsp;https:\/\/www.sebastian-weindel.de Umsatzsteuer-ID Umsatzsteuer-Identifikationsnummer gem\u00e4\u00df \u00a7 27 a Umsatzsteuergesetz:DE 327367964 Regulamenta\u00e7\u00e3o da UE A [&hellip;]","og_url":"https:\/\/klang.io\/pt-br\/informacoes-legais\/","og_site_name":"klang.io","article_publisher":"https:\/\/facebook.com\/klangio","article_modified_time":"2024-05-11T18:16:24+00:00","twitter_card":"summary_large_image","twitter_site":"@klangio","twitter_misc":{"Est. tempo de leitura":"3 minutos"},"schema":{"@context":"https:\/\/schema.org","@graph":[{"@type":"WebPage","@id":"https:\/\/klang.io\/pt-br\/informacoes-legais\/","url":"https:\/\/klang.io\/pt-br\/informacoes-legais\/","name":"Informa\u00e7\u00f5es Legais | Klangio","isPartOf":{"@id":"https:\/\/klang.io\/pt-br\/#website"},"datePublished":"2022-06-18T05:40:04+00:00","dateModified":"2024-05-11T18:16:24+00:00","breadcrumb":{"@id":"https:\/\/klang.io\/pt-br\/informacoes-legais\/#breadcrumb"},"inLanguage":"pt-BR","potentialAction":[{"@type":"ReadAction","target":["https:\/\/klang.io\/pt-br\/informacoes-legais\/"]}]},{"@type":"BreadcrumbList","@id":"https:\/\/klang.io\/pt-br\/informacoes-legais\/#breadcrumb","itemListElement":[{"@type":"ListItem","position":1,"name":"Home","item":"https:\/\/klang.io\/pt-br\/inicio-2\/"},{"@type":"ListItem","position":2,"name":"Informa\u00e7\u00f5es Legais"}]},{"@type":"WebSite","@id":"https:\/\/klang.io\/pt-br\/#website","url":"https:\/\/klang.io\/pt-br\/","name":"Klangio","description":"AI Tools for Musicians","publisher":{"@id":"https:\/\/klang.io\/pt-br\/#organization"},"potentialAction":[{"@type":"SearchAction","target":{"@type":"EntryPoint","urlTemplate":"https:\/\/klang.io\/pt-br\/?s={search_term_string}"},"query-input":{"@type":"PropertyValueSpecification","valueRequired":true,"valueName":"search_term_string"}}],"inLanguage":"pt-BR"},{"@type":"Organization","@id":"https:\/\/klang.io\/pt-br\/#organization","name":"Klangio GmbH","url":"https:\/\/klang.io\/pt-br\/","logo":{"@type":"ImageObject","inLanguage":"pt-BR","@id":"https:\/\/klang.io\/pt-br\/#\/schema\/logo\/image\/","url":"\/wp-content\/uploads\/2021\/12\/cropped-Klangio-Logo-icon-1C.png","contentUrl":"\/wp-content\/uploads\/2021\/12\/cropped-Klangio-Logo-icon-1C.png","width":512,"height":512,"caption":"Klangio GmbH"},"image":{"@id":"https:\/\/klang.io\/pt-br\/#\/schema\/logo\/image\/"},"sameAs":["https:\/\/facebook.com\/klangio","https:\/\/x.com\/klangio","https:\/\/www.linkedin.com\/company\/klangio\/","https:\/\/www.instagram.com\/klangio\/","https:\/\/www.youtube.com\/@Klangio"]}]}},"_links":{"self":[{"href":"https:\/\/klang.io\/pt-br\/wp-json\/wp\/v2\/pages\/19531","targetHints":{"allow":["GET"]}}],"collection":[{"href":"https:\/\/klang.io\/pt-br\/wp-json\/wp\/v2\/pages"}],"about":[{"href":"https:\/\/klang.io\/pt-br\/wp-json\/wp\/v2\/types\/page"}],"author":[{"embeddable":true,"href":"https:\/\/klang.io\/pt-br\/wp-json\/wp\/v2\/users\/1"}],"replies":[{"embeddable":true,"href":"https:\/\/klang.io\/pt-br\/wp-json\/wp\/v2\/comments?post=19531"}],"version-history":[{"count":0,"href":"https:\/\/klang.io\/pt-br\/wp-json\/wp\/v2\/pages\/19531\/revisions"}],"wp:attachment":[{"href":"https:\/\/klang.io\/pt-br\/wp-json\/wp\/v2\/media?parent=19531"}],"curies":[{"name":"wp","href":"https:\/\/api.w.org\/{rel}","templated":true}]}}